{"id":1664,"date":"2018-10-14T09:57:46","date_gmt":"2018-10-14T09:57:46","guid":{"rendered":"http:\/\/ballinderreen.ie\/hurling\/?page_id=1664"},"modified":"2022-03-29T20:58:46","modified_gmt":"2022-03-29T20:58:46","slug":"lotto","status":"publish","type":"page","link":"https:\/\/ballinderreen.ie\/hurling\/lotto\/","title":{"rendered":"Development Lotto"},"content":{"rendered":"<div class='clearfix'> <div class='half'> <a href=\"https:\/\/play.clubforce.com\/play_newa.asp?ll_id=1577&amp;PC=0&amp;RP=#Anchor\"><img loading=\"lazy\" class=\"size-medium wp-image-1852 aligncenter\" src=\"http:\/\/ballinderreen.ie\/hurling\/wp-content\/uploads\/2018\/12\/Ballinderreen_Lotto-300x142.png\" alt=\"Play Lotto Now\" width=\"300\" height=\"142\" srcset=\"https:\/\/ballinderreen.ie\/hurling\/wp-content\/uploads\/2018\/12\/Ballinderreen_Lotto-300x142.png 300w, https:\/\/ballinderreen.ie\/hurling\/wp-content\/uploads\/2018\/12\/Ballinderreen_Lotto.png 496w\" sizes=\"(max-width: 300px) 100vw, 300px\" \/><\/a><br \/>\n<iframe loading=\"lazy\" id=\"Newsletter\" src=\"https:\/\/www.myclubfinances.com\/fundraising-draws.asp?t_id=3&amp;v_id=1008\" scrolling=\"no\" width=\"330\" height=\"100%\"><\/iframe><br \/>\n<iframe loading=\"lazy\" id=\"Fundraising-Draws\" style=\"border: 0px solid #FFFFFF; margin: 0px;\" src=\"https:\/\/www.myclubfinances.com\/fundraising-draws.asp?t_id=1&amp;v_id=2050\" scrolling=\"no\" width=\"100%\" height=\"100%\" frameborder=\"\"><\/iframe><br \/>\n<\/div>\n<div class='half last'>\nSince the inception of the Ballinderreen Lotto in 2009 it has been magnificently supported by you the people of the parish. Because of your generosity we have been able to complete \u201cState of the Art\u201d community sports facilities which are the envy of all. These facilities are of huge benefit to the community and are a credit to all involved. The lotto has also contributed to the renovation of the Community Centre, Astro-turf, Tennis court, Ball wall and Running track and lights. Our most recent successfully completed projects have been the playground and traffic management plan. We intend to continue our work providing new improved facilities for our parish. Our next project being proposed is a new Gymnasium &amp; Changing Room which will aim to promote increased participation in sport and exercise within our community. An annual lotto ticket costs \u20ac100 for the year which gives you a weekly opportunity to win the lotto jackpot including cash awards for match 3. Its works out less than 2 euro a week! There are other payment options available when playing online, so check them out. The club would also like to take the opportunity to thank everyone that currently contributes and supports the Ballinderreen Lotto. Check out the <a href=\"http:\/\/ballinderreen.ie\/hurling\/index.php\/facilities\/\"><strong>Facilities<\/strong><\/a>&nbsp;you have funded within our community.<\/p>\n<p><a href=\"https:\/\/play.clubforce.com\/play_newa.asp?ll_id=1577&amp;PC=0&amp;RP=#Anchor\"><strong>Register for Annual Lotto Online<\/strong><\/a><\/p>\n<p><strong><a href=\"http:\/\/ballinderreen.ie\/hurling\/wp-content\/uploads\/2022\/03\/ballinderreen-development-fund-brochure-final-1.pdf\">Download Ballinderreen Annual Lotto Brochure 2022<\/a><\/strong><\/p>\n<p><a href=\"http:\/\/ballinderreen.ie\/hurling\/wp-content\/uploads\/2021\/05\/Lotto-Annual-Subscription-2021.pdf\">Download Annual Lotto Form<\/a><\/p>\n<p>&nbsp;<\/p>\n<hr>\n<p><span style=\"color: #008000;\">\u00d3 buna\u00edodh Lotto Ballinderreen in 2009, thacaigh muintir an par\u00f3iste go m\u00f3r leis an dul chun cinn.. Mar gheall ar do fhlaithi\u00falacht, bh\u00edomar \u00e1balta \u00e1iseanna sp\u00f3irt pobail &#8220;St\u00e1it na hEala\u00edne&#8221; a chomhl\u00e1n\u00fa, a bhfuil \u00e1thas orainn go l\u00e9ir futh\u00fa. T\u00e1 na h\u00e1iseanna seo ar f\u00e1il don phobal agus t\u00e1 creidmheas tuilte d\u00f3ibh si\u00fad at\u00e1 bainteach leis. Chomh maith le sin, chuir an Lotto le hathch\u00f3iri\u00fa an Ionaid Pobail, Astro-turf, C\u00fairt Lead\u00f3ige alla Balls Liathr\u00f3ide agus rian si\u00fal agus soilse rithe. B&#8217;iad na tionscadail is d\u00e9ana\u00ed at\u00e1 cr\u00edochnaithe go rath\u00fail n\u00e1 an cl\u00e1r s\u00fagartha agus an plean bainist\u00edochta tr\u00e1chta. T\u00e1 s\u00e9 ar intinn againn lean\u00faint ar aghaidh len\u00e1r gcuid oibre ag sol\u00e1thar saor\u00e1id\u00ed nua feabhsaithe d\u00e1r bpar\u00f3iste. Is \u00e9 an ch\u00e9ad tionscadal at\u00e1 \u00e1 mholadh againn n\u00e1 Seomra Giomn\u00e1isiam &amp; Athraithe eid\u00ed a th\u00f3g\u00e1il agus a beidh s\u00e9 mar aidhm againn &nbsp;rannph\u00e1irt\u00edocht mh\u00e9adaithe i sp\u00f3rt agus cleachtadh in\u00e1r bpobal a chur chun cinn.&nbsp; Cosna\u00edonn tic\u00e9ad lotto bliant\u00fail \u20ac 100 don bhliain a thugann deis sheachtaini\u00fail duit an Pota \u00d3ir Lotto a bhuachan, lena n-\u00e1ir\u00edtear d\u00e1mhachtain\u00ed airgid le haghaidh meaitse\u00e1la 3. Oibr\u00edonn s\u00e9 amach ar chostas n\u00edos l\u00fa n\u00e1 2 euro sa tseachtain! T\u00e1 roghanna \u00edoca\u00edochta eile ar f\u00e1il nuair at\u00e1 t\u00fa ag imirt ar l\u00edne, mar sin seice\u00e1il amach iad.&nbsp;<\/span> <span style=\"color: #008000;\">Ba mhaith leis an gcloiste an deis a thap\u00fa freisin chun bu\u00edochas a ghabh\u00e1il le gach duine a chuireann agus a thaca\u00edonn le Lotto Ballinderreen faoi l\u00e1thair. F\u00e9ach ar na <a href=\"http:\/\/ballinderreen.ie\/hurling\/index.php\/facilities\/\"><strong>h\u00e1iseanna<\/strong><\/a> at\u00e1 maoinithe in\u00e1r bpobal.&nbsp;<\/span><\/p>\n<p><a href=\"https:\/\/play.clubforce.com\/play_newa.asp?ll_id=1577&amp;PC=0&amp;RP=#Anchor\"><strong>Cl\u00e1raigh le haghaidh Lotto Bliant\u00fail Ar L\u00edne<\/strong><\/a><\/p>\n<p><a href=\"http:\/\/ballinderreen.ie\/hurling\/wp-content\/uploads\/2022\/03\/ballinderreen-development-fund-brochure-final-1.pdf\"><strong>\u00cdosl\u00f3d\u00e1il Br\u00f3isi\u00far Lotto Bliant\u00fail Ballinderreen 2022<\/strong><\/a><\/p>\n<p><a href=\"http:\/\/ballinderreen.ie\/hurling\/wp-content\/uploads\/2021\/05\/Lotto-Annual-Subscription-2021.pdf\">\u00cdosl\u00f3d\u00e1il Foirm Lotto Bliant\u00fail<\/a><\/div> <\/div>\n","protected":false},"excerpt":{"rendered":"","protected":false},"author":1,"featured_media":0,"parent":0,"menu_order":0,"comment_status":"closed","ping_status":"closed","template":"page-full-width.php","meta":{"ngg_post_thumbnail":0},"_links":{"self":[{"href":"https:\/\/ballinderreen.ie\/hurling\/wp-json\/wp\/v2\/pages\/1664"}],"collection":[{"href":"https:\/\/ballinderreen.ie\/hurling\/wp-json\/wp\/v2\/pages"}],"about":[{"href":"https:\/\/ballinderreen.ie\/hurling\/wp-json\/wp\/v2\/types\/page"}],"author":[{"embeddable":true,"href":"https:\/\/ballinderreen.ie\/hurling\/wp-json\/wp\/v2\/users\/1"}],"replies":[{"embeddable":true,"href":"https:\/\/ballinderreen.ie\/hurling\/wp-json\/wp\/v2\/comments?post=1664"}],"version-history":[{"count":33,"href":"https:\/\/ballinderreen.ie\/hurling\/wp-json\/wp\/v2\/pages\/1664\/revisions"}],"predecessor-version":[{"id":2224,"href":"https:\/\/ballinderreen.ie\/hurling\/wp-json\/wp\/v2\/pages\/1664\/revisions\/2224"}],"wp:attachment":[{"href":"https:\/\/ballinderreen.ie\/hurling\/wp-json\/wp\/v2\/media?parent=1664"}],"curies":[{"name":"wp","href":"https:\/\/api.w.org\/{rel}","templated":true}]}}