{"id":3999,"date":"2021-11-15T17:58:44","date_gmt":"2021-11-15T17:58:44","guid":{"rendered":"http:\/\/ballinderreen.ie\/gaa\/?page_id=3999"},"modified":"2025-01-14T22:00:54","modified_gmt":"2025-01-14T22:00:54","slug":"hurling","status":"publish","type":"page","link":"https:\/\/ballinderreen.ie\/gaa\/hurling\/","title":{"rendered":"Hurling"},"content":{"rendered":"<div class=\"fusion-fullwidth fullwidth-box fusion-builder-row-1 fusion-flex-container nonhundred-percent-fullwidth non-hundred-percent-height-scrolling fusion-animated\" style=\"--awb-background-position:left top;--awb-border-sizes-top:0px;--awb-border-sizes-bottom:0px;--awb-border-sizes-left:0px;--awb-border-sizes-right:0px;--awb-border-radius-top-left:0px;--awb-border-radius-top-right:0px;--awb-border-radius-bottom-right:0px;--awb-border-radius-bottom-left:0px;--awb-padding-top:0px;--awb-padding-bottom:0px;--awb-margin-bottom:120px;--awb-margin-bottom-medium:80px;--awb-margin-bottom-small:60px;--awb-flex-wrap:wrap;\" data-animationType=\"fadeInUp\" data-animationDuration=\"1.3\" data-animationOffset=\"top-into-view\" ><div class=\"fusion-builder-row fusion-row fusion-flex-align-items-flex-start fusion-flex-content-wrap\" style=\"max-width:calc( 1170px + 60px );margin-left: calc(-60px \/ 2 );margin-right: calc(-60px \/ 2 );\"><div class=\"fusion-layout-column fusion_builder_column fusion-builder-column-0 fusion_builder_column_1_1 1_1 fusion-flex-column fusion-flex-align-self-flex-start fusion-column-no-min-height\" style=\"--awb-bg-blend:overlay;--awb-bg-size:cover;--awb-width-large:100%;--awb-margin-top-large:0px;--awb-spacing-right-large:30px;--awb-margin-bottom-large:65px;--awb-spacing-left-large:30px;--awb-width-medium:100%;--awb-spacing-right-medium:30px;--awb-spacing-left-medium:30px;--awb-width-small:100%;--awb-spacing-right-small:30px;--awb-spacing-left-small:30px;\"><div class=\"fusion-column-wrapper fusion-flex-justify-content-flex-start fusion-content-layout-column\"><div class=\"fusion-title title fusion-title-1 fusion-title-center fusion-title-text fusion-title-size-two\" style=\"--awb-margin-bottom:20px;\"><div class=\"title-sep-container title-sep-container-left\"><div class=\"title-sep sep- sep-solid\" style=\"border-color:var(--awb-color3);\"><\/div><\/div><span class=\"awb-title-spacer\"><\/span><h2 class=\"fusion-title-heading title-heading-center fusion-responsive-typography-calculated\" style=\"margin:0;text-transform:capitalize;--fontSize:42;line-height:var(--awb-typography1-line-height);\">Our History<\/h2><span class=\"awb-title-spacer\"><\/span><div class=\"title-sep-container title-sep-container-right\"><div class=\"title-sep sep- sep-solid\" style=\"border-color:var(--awb-color3);\"><\/div><\/div><\/div><div class=\"fusion-text fusion-text-1 fusion-text-no-margin\" style=\"--awb-content-alignment:center;--awb-margin-right:10%;--awb-margin-left:10%;\"><p style=\"text-align: left;\">Ballinderreen Hurling Club, founded in 1884, is one of the oldest clubs in the association. It is a proud hurling parish that has produced many fine hurlers over the years, some of which have played for Galway. First of those was Mick Gill; he holds the record of winning two senior All-Ireland titles in one year. The 1923 All-Ireland Final was played in 1924, where Mick played and won with Galway; he followed by winning the 1924 All-Ireland Final with Dublin.<br \/>Ballinderreen had players involved in the victorious teams of 1980 (Joe McDonagh & Noel Lane), 1987 & 1988 (Noel Lane). The club has also produced many quality players who have represented Galway at minor and under-21 levels. One of the club's finest hours was when the late Joe McDonagh was elected president of the GAA association in 1997 and served until 2000.<\/p>\n<\/div><div class=\"fusion-image-element \" style=\"text-align:center;--awb-caption-title-font-family:var(--h2_typography-font-family);--awb-caption-title-font-weight:var(--h2_typography-font-weight);--awb-caption-title-font-style:var(--h2_typography-font-style);--awb-caption-title-size:var(--h2_typography-font-size);--awb-caption-title-transform:var(--h2_typography-text-transform);--awb-caption-title-line-height:var(--h2_typography-line-height);--awb-caption-title-letter-spacing:var(--h2_typography-letter-spacing);\"><span class=\" fusion-imageframe imageframe-none imageframe-1 hover-type-none\"><img decoding=\"async\" width=\"400\" height=\"400\" alt=\"Joe McDonagh Ballinderreen\" title=\"joe-mcdonagh\" src=\"https:\/\/ballinderreen.ie\/gaa\/wp-content\/uploads\/2022\/05\/joe-mcdonagh.jpg\" data-orig-src=\"https:\/\/ballinderreen.ie\/gaa\/wp-content\/uploads\/2022\/05\/joe-mcdonagh-400x400.jpg\" class=\"lazyload img-responsive wp-image-5163\" srcset=\"data:image\/svg+xml,%3Csvg%20xmlns%3D%27http%3A%2F%2Fwww.w3.org%2F2000%2Fsvg%27%20width%3D%271200%27%20height%3D%271200%27%20viewBox%3D%270%200%201200%201200%27%3E%3Crect%20width%3D%271200%27%20height%3D%271200%27%20fill-opacity%3D%220%22%2F%3E%3C%2Fsvg%3E\" data-srcset=\"https:\/\/ballinderreen.ie\/gaa\/wp-content\/uploads\/2022\/05\/joe-mcdonagh-200x200.jpg 200w, https:\/\/ballinderreen.ie\/gaa\/wp-content\/uploads\/2022\/05\/joe-mcdonagh-400x400.jpg 400w, https:\/\/ballinderreen.ie\/gaa\/wp-content\/uploads\/2022\/05\/joe-mcdonagh-600x600.jpg 600w, https:\/\/ballinderreen.ie\/gaa\/wp-content\/uploads\/2022\/05\/joe-mcdonagh-800x800.jpg 800w, https:\/\/ballinderreen.ie\/gaa\/wp-content\/uploads\/2022\/05\/joe-mcdonagh.jpg 1200w\" data-sizes=\"auto\" data-orig-sizes=\"(max-width: 1024px) 100vw, (max-width: 640px) 100vw, 400px\" \/><\/span><\/div><div class=\"fusion-title title fusion-title-2 fusion-title-center fusion-title-text fusion-title-size-two\" style=\"--awb-margin-bottom:20px;\"><div class=\"title-sep-container title-sep-container-left\"><div class=\"title-sep sep- sep-solid\" style=\"border-color:var(--awb-color3);\"><\/div><\/div><span class=\"awb-title-spacer\"><\/span><h2 class=\"fusion-title-heading title-heading-center fusion-responsive-typography-calculated\" style=\"margin:0;text-transform:capitalize;--fontSize:42;line-height:var(--awb-typography1-line-height);\">Roll of Honour<\/h2><span class=\"awb-title-spacer\"><\/span><div class=\"title-sep-container title-sep-container-right\"><div class=\"title-sep sep- sep-solid\" style=\"border-color:var(--awb-color3);\"><\/div><\/div><\/div><div class=\"fusion-text fusion-text-2\"><p style=\"text-align: center;\"><span style=\"background-color: rgba(255, 255, 255, 0); color: var(--body_typography-color); font-family: var(--body_typography-font-family); font-size: var(--body_typography-font-size); font-style: var(--body_typography-font-style,normal); font-weight: var(--body_typography-font-weight); letter-spacing: var(--body_typography-letter-spacing);\">Intermediate County 2023<\/span><\/p>\n<p style=\"text-align: center;\"><span style=\"background-color: rgba(255, 255, 255, 0); color: var(--body_typography-color); font-family: var(--body_typography-font-family); font-size: var(--body_typography-font-size); font-style: var(--body_typography-font-style,normal); font-weight: var(--body_typography-font-weight); letter-spacing: var(--body_typography-letter-spacing);\">Intermediate County 2000, 2017<\/span><\/p>\n<p style=\"text-align: center;\">Junior B 1996, 2018, 2011 \u2013 Leinster and All-Ireland Club Titles<\/p>\n<p style=\"text-align: center;\">Junior 1942<\/p>\n<p style=\"text-align: center;\">U20 (B) County 2021<\/p>\n<p style=\"text-align: center;\">U 21 (B1) County 2018<\/p>\n<p style=\"text-align: center;\">U 21 (B) County 1999<\/p>\n<p style=\"text-align: center;\">Minor (B) County 2023<\/p>\n<p style=\"text-align: center;\">Minor (B) County 1987<\/p>\n<p style=\"text-align: center;\">Minor (C) County 1997, 2015, 2024<\/p>\n<p style=\"text-align: center;\">Under 16 (A1) County 2021<\/p>\n<p style=\"text-align: center;\">Under 16 (A) Shield Winners 2020<\/p>\n<p style=\"text-align: center;\">Under 16 (B1) Cup 2022<\/p>\n<p style=\"text-align: center;\">Under 16 (C) County 2019<\/p>\n<p style=\"text-align: center;\">Under 16 (C) Connaught 2019<\/p>\n<p style=\"text-align: center;\">Under 16 (C) Shield Winners 2016<\/p>\n<p style=\"text-align: center;\">Under 15 City League 2007, 2009<\/p>\n<p style=\"text-align: center;\">Under 14 County 2001<\/p>\n<p style=\"text-align: center;\">Under 13 County 1991<\/p>\n<p style=\"text-align: center;\">Under 12 County 2001<\/p>\n<p style=\"text-align: center;\">Under 12 City League 2006, 2010, 2011<\/p>\n<p style=\"text-align: center;\">Kiltiernan NS: 1975, 1981, 1987, 2002<\/p>\n<p style=\"text-align: center;\">Ballinderreen NS: 2005, 2010, 2024<\/p>\n<\/div><\/div><\/div><\/div><\/div><div class=\"fusion-fullwidth fullwidth-box fusion-builder-row-2 fusion-flex-container nonhundred-percent-fullwidth non-hundred-percent-height-scrolling\" style=\"--awb-border-radius-top-left:0px;--awb-border-radius-top-right:0px;--awb-border-radius-bottom-right:0px;--awb-border-radius-bottom-left:0px;--awb-flex-wrap:wrap;\" ><div class=\"fusion-builder-row fusion-row fusion-flex-align-items-flex-start fusion-flex-content-wrap\" style=\"max-width:1216.8px;margin-left: calc(-4% \/ 2 );margin-right: calc(-4% \/ 2 );\"><div class=\"fusion-layout-column fusion_builder_column fusion-builder-column-1 fusion_builder_column_1_1 1_1 fusion-flex-column\" style=\"--awb-bg-size:cover;--awb-width-large:100%;--awb-margin-top-large:0px;--awb-spacing-right-large:1.92%;--awb-margin-bottom-large:20px;--awb-spacing-left-large:1.92%;--awb-width-medium:100%;--awb-order-medium:0;--awb-spacing-right-medium:1.92%;--awb-spacing-left-medium:1.92%;--awb-width-small:100%;--awb-order-small:0;--awb-spacing-right-small:1.92%;--awb-spacing-left-small:1.92%;\"><div class=\"fusion-column-wrapper fusion-column-has-shadow fusion-flex-justify-content-flex-start fusion-content-layout-column\"><div class=\"fusion-text fusion-text-3\" style=\"--awb-content-alignment:center;\"><p style=\"text-align: center;\"><b>If you have photos you would like to add to the website please email them to secretary.ballinderreen.galway@camogie.ie<\/b><\/p>\n<\/div><div class=\"fusion-image-carousel fusion-image-carousel-fixed fusion-image-carousel-1 fusion-carousel-border\"><div class=\"awb-carousel awb-swiper awb-swiper-carousel awb-swiper-dots-position-bottom awb-carousel--carousel\" data-layout=\"carousel\" data-autoplay=\"no\" data-autoplayspeed=\"2500\" data-autoplaypause=\"no\" data-columns=\"5\" data-columnsmedium=\"0\" data-columnssmall=\"0\" data-itemmargin=\"13\" data-itemwidth=\"180\" data-touchscroll=\"no\" data-freemode=\"no\" data-imagesize=\"fixed\" data-scrollitems=\"0\" data-centeredslides=\"no\" data-rotationangle=\"50\" data-depth=\"100\" data-speed=\"500\" data-shadow=\"no\" style=\"--awb-border-width:1px;--awb-border-color:#e9eaee;\"><div class=\"swiper-wrapper awb-image-carousel-wrapper fusion-flex-align-items-center\"><div class=\"swiper-slide\"><div class=\"fusion-carousel-item-wrapper\"><div class=\"fusion-image-wrapper hover-type-none\"><img decoding=\"async\" width=\"320\" height=\"202\" src=\"data:image\/svg+xml,%3Csvg%20xmlns%3D%27http%3A%2F%2Fwww.w3.org%2F2000%2Fsvg%27%20width%3D%271024%27%20height%3D%27514%27%20viewBox%3D%270%200%201024%20514%27%3E%3Crect%20width%3D%271024%27%20height%3D%27514%27%20fill-opacity%3D%220%22%2F%3E%3C%2Fsvg%3E\" class=\"attachment-blog-medium size-blog-medium lazyload\" alt=\"\" data-orig-src=\"https:\/\/ballinderreen.ie\/gaa\/wp-content\/uploads\/2022\/05\/Homepage-Junior-Team-1024x514-1-320x202.jpg\" \/><\/div><\/div><\/div><div class=\"swiper-slide\"><div class=\"fusion-carousel-item-wrapper\"><div class=\"fusion-image-wrapper hover-type-none\"><img decoding=\"async\" width=\"320\" height=\"202\" src=\"data:image\/svg+xml,%3Csvg%20xmlns%3D%27http%3A%2F%2Fwww.w3.org%2F2000%2Fsvg%27%20width%3D%271024%27%20height%3D%27547%27%20viewBox%3D%270%200%201024%20547%27%3E%3Crect%20width%3D%271024%27%20height%3D%27547%27%20fill-opacity%3D%220%22%2F%3E%3C%2Fsvg%3E\" class=\"attachment-blog-medium size-blog-medium lazyload\" alt=\"\" data-orig-src=\"https:\/\/ballinderreen.ie\/gaa\/wp-content\/uploads\/2022\/05\/IMG_0892-Copy-1024x547-1-320x202.jpg\" \/><\/div><\/div><\/div><div class=\"swiper-slide\"><div class=\"fusion-carousel-item-wrapper\"><div class=\"fusion-image-wrapper hover-type-none\"><img decoding=\"async\" width=\"320\" height=\"202\" src=\"data:image\/svg+xml,%3Csvg%20xmlns%3D%27http%3A%2F%2Fwww.w3.org%2F2000%2Fsvg%27%20width%3D%271280%27%20height%3D%27720%27%20viewBox%3D%270%200%201280%20720%27%3E%3Crect%20width%3D%271280%27%20height%3D%27720%27%20fill-opacity%3D%220%22%2F%3E%3C%2Fsvg%3E\" class=\"attachment-blog-medium size-blog-medium lazyload\" alt=\"\" data-orig-src=\"https:\/\/ballinderreen.ie\/gaa\/wp-content\/uploads\/2022\/05\/noel-lane-1-320x202.jpg\" \/><\/div><\/div><\/div><div class=\"swiper-slide\"><div class=\"fusion-carousel-item-wrapper\"><div class=\"fusion-image-wrapper hover-type-none\"><img decoding=\"async\" width=\"320\" height=\"202\" src=\"data:image\/svg+xml,%3Csvg%20xmlns%3D%27http%3A%2F%2Fwww.w3.org%2F2000%2Fsvg%27%20width%3D%271024%27%20height%3D%27465%27%20viewBox%3D%270%200%201024%20465%27%3E%3Crect%20width%3D%271024%27%20height%3D%27465%27%20fill-opacity%3D%220%22%2F%3E%3C%2Fsvg%3E\" class=\"attachment-blog-medium size-blog-medium lazyload\" alt=\"\" data-orig-src=\"https:\/\/ballinderreen.ie\/gaa\/wp-content\/uploads\/2022\/05\/Team-celebration-1024x465-1-320x202.jpg\" \/><\/div><\/div><\/div><div class=\"swiper-slide\"><div class=\"fusion-carousel-item-wrapper\"><div class=\"fusion-image-wrapper hover-type-none\"><img decoding=\"async\" width=\"320\" height=\"202\" src=\"data:image\/svg+xml,%3Csvg%20xmlns%3D%27http%3A%2F%2Fwww.w3.org%2F2000%2Fsvg%27%20width%3D%271024%27%20height%3D%27683%27%20viewBox%3D%270%200%201024%20683%27%3E%3Crect%20width%3D%271024%27%20height%3D%27683%27%20fill-opacity%3D%220%22%2F%3E%3C%2Fsvg%3E\" class=\"attachment-blog-medium size-blog-medium lazyload\" alt=\"\" data-orig-src=\"https:\/\/ballinderreen.ie\/gaa\/wp-content\/uploads\/2022\/05\/U-16-1024x683-1-320x202.jpg\" \/><\/div><\/div><\/div><div class=\"swiper-slide\"><div class=\"fusion-carousel-item-wrapper\"><div class=\"fusion-image-wrapper hover-type-none\"><img decoding=\"async\" width=\"320\" height=\"202\" src=\"data:image\/svg+xml,%3Csvg%20xmlns%3D%27http%3A%2F%2Fwww.w3.org%2F2000%2Fsvg%27%20width%3D%271024%27%20height%3D%27639%27%20viewBox%3D%270%200%201024%20639%27%3E%3Crect%20width%3D%271024%27%20height%3D%27639%27%20fill-opacity%3D%220%22%2F%3E%3C%2Fsvg%3E\" class=\"attachment-blog-medium size-blog-medium lazyload\" alt=\"\" data-orig-src=\"https:\/\/ballinderreen.ie\/gaa\/wp-content\/uploads\/2022\/05\/U20s-2021-1024x639-1-320x202.jpg\" \/><\/div><\/div><\/div><\/div><div class=\"awb-swiper-button awb-swiper-button-prev\"><i class=\"awb-icon-angle-left\" aria-hidden=\"true\"><\/i><\/div><div class=\"awb-swiper-button awb-swiper-button-next\"><i class=\"awb-icon-angle-right\" aria-hidden=\"true\"><\/i><\/div><\/div><\/div><div class=\"fusion-title title fusion-title-3 fusion-title-center fusion-title-text fusion-title-size-two\" style=\"--awb-margin-bottom:20px;\"><div class=\"title-sep-container title-sep-container-left\"><div class=\"title-sep sep- sep-solid\" style=\"border-color:var(--awb-color3);\"><\/div><\/div><span class=\"awb-title-spacer\"><\/span><h2 class=\"fusion-title-heading title-heading-center fusion-responsive-typography-calculated\" style=\"margin:0;text-transform:capitalize;--fontSize:42;line-height:var(--awb-typography1-line-height);\"><span class=\"Y2IQFc\" lang=\"ga\">\u00e1r stair<\/span><\/h2><span class=\"awb-title-spacer\"><\/span><div class=\"title-sep-container title-sep-container-right\"><div class=\"title-sep sep- sep-solid\" style=\"border-color:var(--awb-color3);\"><\/div><\/div><\/div><div class=\"fusion-text fusion-text-4 fusion-text-no-margin\" style=\"--awb-content-alignment:center;--awb-margin-right:10%;--awb-margin-left:10%;\"><p style=\"text-align: left;\">Is \u00e9 Club CLG Iomana Bhaile an Doir\u00edn, a buna\u00edodh i 1884, ceann de na clubanna is sine sa chomhlachas. Is par\u00f3iste iom\u00e1na br\u00f3d\u00fail \u00ed a th\u00f3g go leor iom\u00e1naithe den ard chaighde\u00e1n thar na blianta do fhoireann na Gaillimhe. Ar n\u00f3sMick Gill; T\u00e1 taifead aige mar go bhuaigh se ar dh\u00e1 theideal Uile-\u00c9ireann in aon bhliain amh\u00e1in. Rinneadh s\u00e9 \u00e9 Deireadh F\u00f3mhair 1923 ar\u00eds i 1924, \u00e1it a raibh Mick ag imirt ar ch\u00fal agus bhuaigh se ar\u00eds le Gaillimh; lean s\u00e9 ar aghaidh agus bhuaigh s\u00e9 bhonn Uile-\u00c9ireann i 1924 le Baile \u00c1tha Cliath.<\/p>\n<p style=\"text-align: left;\">Bh\u00ed imreoir\u00ed ag Ballinderreen i bhfoirne buaiteacha 1980 (Joe McDonagh & Noel Lane) 1987 & 1988 (Noel Lane). Chomh maith leis sin, chuir an club go leor imreoir\u00ed ar ardchaighde\u00e1n a l\u00e9irigh ionada\u00edocht ar Ghaillimh ag leibh\u00e9al Sinsir agus faoi bhun 21. Ceann de na huaireanta is fearr a bh\u00ed ag an gclub nuair a toghadh an tUasal Joe McDonagh ina uachtar\u00e1n ar Chumann CLG i 1997 agus d'fhan se ann go dt\u00ed 2000.<\/p>\n<p><strong>LIOSTA NA LAOCHRA<\/strong><\/p>\n<p>Idirmhe\u00e1nach Contae 2023<span style=\"background-color: rgba(255, 255, 255, 0); color: var(--body_typography-color); font-family: var(--body_typography-font-family); font-size: var(--body_typography-font-size); font-style: var(--body_typography-font-style,normal); font-weight: var(--body_typography-font-weight); letter-spacing: var(--body_typography-letter-spacing);\"><br \/><\/span><\/p>\n<p><span style=\"background-color: rgba(255, 255, 255, 0); color: var(--body_typography-color); font-family: var(--body_typography-font-family); font-size: var(--body_typography-font-size); font-style: var(--body_typography-font-style,normal); font-weight: var(--body_typography-font-weight); letter-spacing: var(--body_typography-letter-spacing);\">Idirmhe\u00e1nach Contae 2000, 2017<\/span><\/p>\n<p><span style=\"background-color: rgba(255, 255, 255, 0); color: var(--body_typography-color); font-family: var(--body_typography-font-family); font-size: var(--body_typography-font-size); font-style: var(--body_typography-font-style,normal); font-weight: var(--body_typography-font-weight); letter-spacing: var(--body_typography-letter-spacing);\">S\u00f3isearach B 1996, 2018, 2011 \u2013 Teidil Laighean agus Club na h\u00c9ireann<\/span><\/p>\n<p><span style=\"background-color: rgba(255, 255, 255, 0); color: var(--body_typography-color); font-family: var(--body_typography-font-family); font-size: var(--body_typography-font-size); font-style: var(--body_typography-font-style,normal); font-weight: var(--body_typography-font-weight); letter-spacing: var(--body_typography-letter-spacing);\">S\u00f3isearach 1942<\/span><\/p>\n<p><span style=\"background-color: rgba(255, 255, 255, 0); color: var(--body_typography-color); font-family: var(--body_typography-font-family); font-size: var(--body_typography-font-size); font-style: var(--body_typography-font-style,normal); font-weight: var(--body_typography-font-weight); letter-spacing: var(--body_typography-letter-spacing);\">Faoi 20 (B) Contae 2021<\/span><\/p>\n<p><span style=\"background-color: rgba(255, 255, 255, 0); color: var(--body_typography-color); font-family: var(--body_typography-font-family); font-size: var(--body_typography-font-size); font-style: var(--body_typography-font-style,normal); font-weight: var(--body_typography-font-weight); letter-spacing: var(--body_typography-letter-spacing);\">Faoi 21 (B1) Contae 2018<\/span><\/p>\n<p><span style=\"background-color: rgba(255, 255, 255, 0); color: var(--body_typography-color); font-family: var(--body_typography-font-family); font-size: var(--body_typography-font-size); font-style: var(--body_typography-font-style,normal); font-weight: var(--body_typography-font-weight); letter-spacing: var(--body_typography-letter-spacing);\">Faoi 21 (B) Contae 1999<\/span><\/p>\n<p>Mini\u00far (B) Chontae 2023<span style=\"background-color: rgba(255, 255, 255, 0); color: var(--body_typography-color); font-family: var(--body_typography-font-family); font-size: var(--body_typography-font-size); font-style: var(--body_typography-font-style,normal); font-weight: var(--body_typography-font-weight); letter-spacing: var(--body_typography-letter-spacing);\"><br \/><\/span><\/p>\n<p><span style=\"background-color: rgba(255, 255, 255, 0); color: var(--body_typography-color); font-family: var(--body_typography-font-family); font-size: var(--body_typography-font-size); font-style: var(--body_typography-font-style,normal); font-weight: var(--body_typography-font-weight); letter-spacing: var(--body_typography-letter-spacing);\">Mini\u00far (B) Chontae 1987<\/span><\/p>\n<p>Mini\u00far (C) Contae 1997, 2015<\/p>\n<p>Faoi 16 (A1) Contae 2021<\/p>\n<p>Faoi 16 (B1) Contae 2022<\/p>\n<p>Buaiteoir\u00ed Sciath Faoi 16 (A) 2020<\/p>\n<p>Faoi 16 (C) Contae 2019<\/p>\n<p>Faoi 16 (C) Connacht 2019<\/p>\n<p>Buaiteoir\u00ed Sciath Faoi 16 (C) 2016<\/p>\n<p>Faoi 15 Sraith na Cathrach 2007, 2009<\/p>\n<p>Faoi 14 Contae 2001<\/p>\n<p>Faoi 13 Contae 1991<\/p>\n<p>Faoi 12 Contae 2001<\/p>\n<p>Faoi 12 League League 2006, 2010, 2011<\/p>\n<p>Scoil N\u00e1isi\u00fanta Cill Tiarn\u00e1in 1975, 1981, 1987, 2002<\/p>\n<p>Scoil N\u00e1isi\u00fanta Bhaile an Doir\u00edn: 2005, 2010<\/p>\n<\/div><\/div><\/div><\/div><\/div>\n","protected":false},"excerpt":{"rendered":"","protected":false},"author":1,"featured_media":0,"parent":0,"menu_order":0,"comment_status":"closed","ping_status":"closed","template":"100-width.php","meta":{"footnotes":""},"class_list":["post-3999","page","type-page","status-publish","hentry"],"_links":{"self":[{"href":"https:\/\/ballinderreen.ie\/gaa\/wp-json\/wp\/v2\/pages\/3999","targetHints":{"allow":["GET"]}}],"collection":[{"href":"https:\/\/ballinderreen.ie\/gaa\/wp-json\/wp\/v2\/pages"}],"about":[{"href":"https:\/\/ballinderreen.ie\/gaa\/wp-json\/wp\/v2\/types\/page"}],"author":[{"embeddable":true,"href":"https:\/\/ballinderreen.ie\/gaa\/wp-json\/wp\/v2\/users\/1"}],"replies":[{"embeddable":true,"href":"https:\/\/ballinderreen.ie\/gaa\/wp-json\/wp\/v2\/comments?post=3999"}],"version-history":[{"count":5,"href":"https:\/\/ballinderreen.ie\/gaa\/wp-json\/wp\/v2\/pages\/3999\/revisions"}],"predecessor-version":[{"id":5919,"href":"https:\/\/ballinderreen.ie\/gaa\/wp-json\/wp\/v2\/pages\/3999\/revisions\/5919"}],"wp:attachment":[{"href":"https:\/\/ballinderreen.ie\/gaa\/wp-json\/wp\/v2\/media?parent=3999"}],"curies":[{"name":"wp","href":"https:\/\/api.w.org\/{rel}","templated":true}]}}